{"id":10664,"date":"2025-09-22T10:16:09","date_gmt":"2025-09-22T17:16:09","guid":{"rendered":"https:\/\/www.mainstreamhousing.org\/en-memoria-de-sue-kesey-una-fuerza-fundadora-de-mainstream-housing-inc\/"},"modified":"2025-10-28T11:08:14","modified_gmt":"2025-10-28T18:08:14","slug":"en-memoria-de-sue-kesey-una-fuerza-fundadora-de-mainstream-housing-inc","status":"publish","type":"page","link":"https:\/\/www.mainstreamhousing.org\/es\/en-memoria-de-sue-kesey-una-fuerza-fundadora-de-mainstream-housing-inc\/","title":{"rendered":"En memoria de Sue Kesey: una fuerza fundadora de Mainstream Housing Inc."},"content":{"rendered":"\t\t<div data-elementor-type=\"wp-page\" data-elementor-id=\"10664\" class=\"elementor elementor-10664 elementor-10190\" data-elementor-post-type=\"page\">\n\t\t\t\t\t\t<section class=\"elementor-section elementor-top-section elementor-element elementor-element-c72d3c0 elementor-section-height-min-height elementor-section-boxed elementor-section-height-default elementor-section-items-middle elementor-invisible\" data-id=\"c72d3c0\" data-element_type=\"section\" data-e-type=\"section\" data-settings=\"{&quot;background_background&quot;:&quot;classic&quot;,&quot;shape_divider_bottom&quot;:&quot;wave-brush&quot;,&quot;animation&quot;:&quot;fadeIn&quot;}\">\n\t\t\t\t\t<div class=\"elementor-shape elementor-shape-bottom\" aria-hidden=\"true\" data-negative=\"false\">\n\t\t\t<svg xmlns=\"http:\/\/www.w3.org\/2000\/svg\" viewBox=\"0 0 283.5 27.8\" preserveAspectRatio=\"none\">\n\t<path class=\"elementor-shape-fill\" d=\"M283.5,9.7c0,0-7.3,4.3-14,4.6c-6.8,0.3-12.6,0-20.9-1.5c-11.3-2-33.1-10.1-44.7-5.7\ts-12.1,4.6-18,7.4c-6.6,3.2-20,9.6-36.6,9.3C131.6,23.5,99.5,7.2,86.3,8c-1.4,0.1-6.6,0.8-10.5,2c-3.8,1.2-9.4,3.8-17,4.7\tc-3.2,0.4-8.3,1.1-14.2,0.9c-1.5-0.1-6.3-0.4-12-1.6c-5.7-1.2-11-3.1-15.8-3.7C6.5,9.2,0,10.8,0,10.8V0h283.5V9.7z M260.8,11.3\tc-0.7-1-2-0.4-4.3-0.4c-2.3,0-6.1-1.2-5.8-1.1c0.3,0.1,3.1,1.5,6,1.9C259.7,12.2,261.4,12.3,260.8,11.3z M242.4,8.6\tc0,0-2.4-0.2-5.6-0.9c-3.2-0.8-10.3-2.8-15.1-3.5c-8.2-1.1-15.8,0-15.1,0.1c0.8,0.1,9.6-0.6,17.6,1.1c3.3,0.7,9.3,2.2,12.4,2.7\tC239.9,8.7,242.4,8.6,242.4,8.6z M185.2,8.5c1.7-0.7-13.3,4.7-18.5,6.1c-2.1,0.6-6.2,1.6-10,2c-3.9,0.4-8.9,0.4-8.8,0.5\tc0,0.2,5.8,0.8,11.2,0c5.4-0.8,5.2-1.1,7.6-1.6C170.5,14.7,183.5,9.2,185.2,8.5z M199.1,6.9c0.2,0-0.8-0.4-4.8,1.1\tc-4,1.5-6.7,3.5-6.9,3.7c-0.2,0.1,3.5-1.8,6.6-3C197,7.5,199,6.9,199.1,6.9z M283,6c-0.1,0.1-1.9,1.1-4.8,2.5s-6.9,2.8-6.7,2.7\tc0.2,0,3.5-0.6,7.4-2.5C282.8,6.8,283.1,5.9,283,6z M31.3,11.6c0.1-0.2-1.9-0.2-4.5-1.2s-5.4-1.6-7.8-2C15,7.6,7.3,8.5,7.7,8.6\tC8,8.7,15.9,8.3,20.2,9.3c2.2,0.5,2.4,0.5,5.7,1.6S31.2,11.9,31.3,11.6z M73,9.2c0.4-0.1,3.5-1.6,8.4-2.6c4.9-1.1,8.9-0.5,8.9-0.8\tc0-0.3-1-0.9-6.2-0.3S72.6,9.3,73,9.2z M71.6,6.7C71.8,6.8,75,5.4,77.3,5c2.3-0.3,1.9-0.5,1.9-0.6c0-0.1-1.1-0.2-2.7,0.2\tC74.8,5.1,71.4,6.6,71.6,6.7z M93.6,4.4c0.1,0.2,3.5,0.8,5.6,1.8c2.1,1,1.8,0.6,1.9,0.5c0.1-0.1-0.8-0.8-2.4-1.3\tC97.1,4.8,93.5,4.2,93.6,4.4z M65.4,11.1c-0.1,0.3,0.3,0.5,1.9-0.2s2.6-1.3,2.2-1.2s-0.9,0.4-2.5,0.8C65.3,10.9,65.5,10.8,65.4,11.1\tz M34.5,12.4c-0.2,0,2.1,0.8,3.3,0.9c1.2,0.1,2,0.1,2-0.2c0-0.3-0.1-0.5-1.6-0.4C36.6,12.8,34.7,12.4,34.5,12.4z M152.2,21.1\tc-0.1,0.1-2.4-0.3-7.5-0.3c-5,0-13.6-2.4-17.2-3.5c-3.6-1.1,10,3.9,16.5,4.1C150.5,21.6,152.3,21,152.2,21.1z\"\/>\n\t<path class=\"elementor-shape-fill\" d=\"M269.6,18c-0.1-0.1-4.6,0.3-7.2,0c-7.3-0.7-17-3.2-16.6-2.9c0.4,0.3,13.7,3.1,17,3.3\tC267.7,18.8,269.7,18,269.6,18z\"\/>\n\t<path class=\"elementor-shape-fill\" d=\"M227.4,9.8c-0.2-0.1-4.5-1-9.5-1.2c-5-0.2-12.7,0.6-12.3,0.5c0.3-0.1,5.9-1.8,13.3-1.2\tS227.6,9.9,227.4,9.8z\"\/>\n\t<path class=\"elementor-shape-fill\" d=\"M204.5,13.4c-0.1-0.1,2-1,3.2-1.1c1.2-0.1,2,0,2,0.3c0,0.3-0.1,0.5-1.6,0.4\tC206.4,12.9,204.6,13.5,204.5,13.4z\"\/>\n\t<path class=\"elementor-shape-fill\" d=\"M201,10.6c0-0.1-4.4,1.2-6.3,2.2c-1.9,0.9-6.2,3.1-6.1,3.1c0.1,0.1,4.2-1.6,6.3-2.6\tS201,10.7,201,10.6z\"\/>\n\t<path class=\"elementor-shape-fill\" d=\"M154.5,26.7c-0.1-0.1-4.6,0.3-7.2,0c-7.3-0.7-17-3.2-16.6-2.9c0.4,0.3,13.7,3.1,17,3.3\tC152.6,27.5,154.6,26.8,154.5,26.7z\"\/>\n\t<path class=\"elementor-shape-fill\" d=\"M41.9,19.3c0,0,1.2-0.3,2.9-0.1c1.7,0.2,5.8,0.9,8.2,0.7c4.2-0.4,7.4-2.7,7-2.6\tc-0.4,0-4.3,2.2-8.6,1.9c-1.8-0.1-5.1-0.5-6.7-0.4S41.9,19.3,41.9,19.3z\"\/>\n\t<path class=\"elementor-shape-fill\" d=\"M75.5,12.6c0.2,0.1,2-0.8,4.3-1.1c2.3-0.2,2.1-0.3,2.1-0.5c0-0.1-1.8-0.4-3.4,0\tC76.9,11.5,75.3,12.5,75.5,12.6z\"\/>\n\t<path class=\"elementor-shape-fill\" d=\"M15.6,13.2c0-0.1,4.3,0,6.7,0.5c2.4,0.5,5,1.9,5,2c0,0.1-2.7-0.8-5.1-1.4\tC19.9,13.7,15.7,13.3,15.6,13.2z\"\/>\n<\/svg>\t\t<\/div>\n\t\t\t\t\t<div class=\"elementor-container elementor-column-gap-default\">\n\t\t\t\t\t<div class=\"elementor-column elementor-col-100 elementor-top-column elementor-element elementor-element-4c51f53 envato-kit-62-home\" data-id=\"4c51f53\" data-element_type=\"column\" data-e-type=\"column\" data-settings=\"{&quot;background_background&quot;:&quot;classic&quot;}\">\n\t\t\t<div class=\"elementor-widget-wrap elementor-element-populated\">\n\t\t\t\t\t\t<div class=\"elementor-element elementor-element-255f795 elementor-widget elementor-widget-heading\" data-id=\"255f795\" data-element_type=\"widget\" data-e-type=\"widget\" data-widget_type=\"heading.default\">\n\t\t\t\t<div class=\"elementor-widget-container\">\n\t\t\t\t\t<h1 class=\"elementor-heading-title elementor-size-default\">En memoria de Sue Kesey: una fuerza fundadora de Mainstream Housing Inc.<\/h1>\t\t\t\t<\/div>\n\t\t\t\t<\/div>\n\t\t\t\t<div class=\"elementor-element elementor-element-cb43e74 small-heading elementor-widget elementor-widget-text-editor\" data-id=\"cb43e74\" data-element_type=\"widget\" data-e-type=\"widget\" data-widget_type=\"text-editor.default\">\n\t\t\t\t<div class=\"elementor-widget-container\">\n\t\t\t\t\t\t\t\t\t<p>Sue Kesey, miembro fundador de Mainstream Housing Inc., falleci\u00f3 pac\u00edficamente el 18 de agosto de 2025 a la edad de 86 a\u00f1os.<\/p>\t\t\t\t\t\t\t\t<\/div>\n\t\t\t\t<\/div>\n\t\t\t\t\t<\/div>\n\t\t<\/div>\n\t\t\t\t\t<\/div>\n\t\t<\/section>\n\t\t\t\t<section class=\"elementor-section elementor-top-section elementor-element elementor-element-4cf9d50a elementor-section-boxed elementor-section-height-default elementor-section-height-default\" data-id=\"4cf9d50a\" data-element_type=\"section\" data-e-type=\"section\">\n\t\t\t\t\t\t<div class=\"elementor-container elementor-column-gap-default\">\n\t\t\t\t\t<div class=\"elementor-column elementor-col-100 elementor-top-column elementor-element elementor-element-24f88e89\" data-id=\"24f88e89\" data-element_type=\"column\" data-e-type=\"column\">\n\t\t\t<div class=\"elementor-widget-wrap elementor-element-populated\">\n\t\t\t\t\t\t<div class=\"elementor-element elementor-element-60c29424 elementor-widget elementor-widget-text-editor\" data-id=\"60c29424\" data-element_type=\"widget\" data-e-type=\"widget\" data-widget_type=\"text-editor.default\">\n\t\t\t\t<div class=\"elementor-widget-container\">\n\t\t\t\t\t\t\t\t\t\n<p>Sue era conocida por muchos como pionera de los alimentos naturales y cofundadora de Nancy&#8217;s Yogurt. Tambi\u00e9n deja tras de s\u00ed un poderoso legado en el mundo de la defensa de los discapacitados a trav\u00e9s de su labor fundacional con Mainstream Housing Inc. En 1990, como uno de los miembros originales de la junta de la organizaci\u00f3n, Sue aport\u00f3 no s\u00f3lo su perspicacia empresarial, sino un profundo compromiso personal con la justicia social en un momento cr\u00edtico de la historia de Oreg\u00f3n.<\/p>\n\n<p>Mainstream Housing se cre\u00f3 para abordar la urgente necesidad de hogares seguros y comunitarios para las personas que abandonaban el Hospital Estatal de Fairview, una instituci\u00f3n que lleg\u00f3 a albergar a m\u00e1s de 2.000 residentes en condiciones anticuadas y, a menudo, poco ideales. Sue comprendi\u00f3 la magnitud de ese reto y asumi\u00f3 su papel de l\u00edder con determinaci\u00f3n y claridad de objetivos. Su voz fue decisiva para dar forma a la misi\u00f3n de la organizaci\u00f3n de crear alternativas de vivienda dignas y habitables para las personas con discapacidades del desarrollo.<\/p>\n\n<p>Gracias a su experiencia como Directora General de una empresa creciente y compleja, Sue proporcion\u00f3 una orientaci\u00f3n inestimable en materia de finanzas y presupuestos, garantizando que los primeros esfuerzos de Mainstream se asentaran sobre una base sostenible. Su perspicacia ayud\u00f3 a la junta directiva a sortear las dificultades de financiaci\u00f3n, asegurar los recursos necesarios y tomar decisiones que equilibraran el crecimiento a largo plazo con las necesidades inmediatas. Sus compa\u00f1eros la recuerdan como una l\u00edder capaz de tomar decisiones dif\u00edciles sin perder nunca de vista a las personas a las que serv\u00eda la organizaci\u00f3n.<\/p>\n\n<p>Pero Sue aport\u00f3 algo m\u00e1s que conocimientos t\u00e9cnicos: aport\u00f3 coraz\u00f3n, humor y visi\u00f3n. Un miembro de la junta recuerda: <em>\u00abTen\u00eda un delicioso sentido del humor y siempre ve\u00eda m\u00e1s posibilidades que obst\u00e1culos\u00bb.<\/em> Su optimismo era contagioso, y ayudaba a la junta a mantenerse centrada y esperanzada, incluso cuando los retos se cern\u00edan sobre ella. Sue ten\u00eda la rara habilidad de elevar las conversaciones m\u00e1s all\u00e1 de los obst\u00e1culos, manteniendo al equipo alineado con el prop\u00f3sito m\u00e1s profundo de su trabajo.<\/p>\n\n<p>A lo largo de los a\u00f1os, Mainstream Housing llegar\u00eda a desarrollar y gestionar docenas de viviendas en toda la regi\u00f3n, ayudando a redefinir c\u00f3mo podr\u00eda ser la inclusi\u00f3n comunitaria. Ese \u00e9xito se bas\u00f3, en gran medida, en el liderazgo y los valores que Sue model\u00f3 en aquellos primeros a\u00f1os: integridad, compasi\u00f3n y una creencia inquebrantable en que todo el mundo merece un lugar al que llamar hogar.<\/p>\n\n<p>Al recordar a Sue Kesey, honramos a una mujer que no s\u00f3lo ayud\u00f3 a construir una empresa de \u00e9xito, sino que tambi\u00e9n ayud\u00f3 a construir hogares, comunidades y esperanza. Su legado en Mainstream Housing Inc. perdura en cada persona cuya vida ha mejorado gracias a la organizaci\u00f3n que ella ayud\u00f3 a forjar, con sabidur\u00eda y coraz\u00f3n. Mainstream Housing seguir\u00e1 persiguiendo su misi\u00f3n con la misma dedicaci\u00f3n, compasi\u00f3n y visi\u00f3n que Sue aport\u00f3 a cada paso del camino.<\/p>\n\t\t\t\t\t\t\t\t<\/div>\n\t\t\t\t<\/div>\n\t\t\t\t\t<\/div>\n\t\t<\/div>\n\t\t\t\t\t<\/div>\n\t\t<\/section>\n\t\t\t\t<\/div>\n\t\t","protected":false},"excerpt":{"rendered":"<p>En memoria de Sue Kesey: una fuerza fundadora de Mainstream Housing Inc. Sue Kesey, miembro fundador de Mainstream Housing Inc., falleci\u00f3 pac\u00edficamente el 18 de agosto de 2025 a la edad de 86 a\u00f1os. Sue era conocida por muchos como pionera de los alimentos naturales y cofundadora de Nancy&#8217;s Yogurt. Tambi\u00e9n deja tras de s\u00ed [&hellip;]<\/p>\n","protected":false},"author":7,"featured_media":0,"parent":0,"menu_order":0,"comment_status":"closed","ping_status":"closed","template":"elementor_header_footer","meta":{"_acf_changed":false,"_seopress_robots_primary_cat":"","_seopress_titles_title":"","_seopress_titles_desc":"","_seopress_robots_index":"","footnotes":""},"class_list":["post-10664","page","type-page","status-publish","hentry"],"acf":[],"_links":{"self":[{"href":"https:\/\/www.mainstreamhousing.org\/es\/wp-json\/wp\/v2\/pages\/10664","targetHints":{"allow":["GET"]}}],"collection":[{"href":"https:\/\/www.mainstreamhousing.org\/es\/wp-json\/wp\/v2\/pages"}],"about":[{"href":"https:\/\/www.mainstreamhousing.org\/es\/wp-json\/wp\/v2\/types\/page"}],"author":[{"embeddable":true,"href":"https:\/\/www.mainstreamhousing.org\/es\/wp-json\/wp\/v2\/users\/7"}],"replies":[{"embeddable":true,"href":"https:\/\/www.mainstreamhousing.org\/es\/wp-json\/wp\/v2\/comments?post=10664"}],"version-history":[{"count":1,"href":"https:\/\/www.mainstreamhousing.org\/es\/wp-json\/wp\/v2\/pages\/10664\/revisions"}],"predecessor-version":[{"id":10665,"href":"https:\/\/www.mainstreamhousing.org\/es\/wp-json\/wp\/v2\/pages\/10664\/revisions\/10665"}],"wp:attachment":[{"href":"https:\/\/www.mainstreamhousing.org\/es\/wp-json\/wp\/v2\/media?parent=10664"}],"curies":[{"name":"wp","href":"https:\/\/api.w.org\/{rel}","templated":true}]}}